{"id":2111,"date":"2024-08-11T19:42:31","date_gmt":"2024-08-11T19:42:31","guid":{"rendered":"https:\/\/ci.iziverse.com\/annuaire\/?page_id=2111"},"modified":"2024-11-11T18:41:18","modified_gmt":"2024-11-11T18:41:18","slug":"izi-annuaires","status":"publish","type":"page","link":"https:\/\/annuaire.iziverse.com\/en\/izi-annuaires\/","title":{"rendered":"IZI ANNUAIRE"},"content":{"rendered":"<div data-elementor-type=\"wp-page\" data-elementor-id=\"2111\" class=\"elementor elementor-2111\">\n\t\t\t\t<div class=\"elementor-element elementor-element-4b01307 e-flex e-con-boxed e-con e-parent\" data-id=\"4b01307\" data-element_type=\"container\" data-e-type=\"container\">\n\t\t\t\t\t<div class=\"e-con-inner\">\n\t\t\t\t<div class=\"elementor-element elementor-element-55d5e76 elementor-widget elementor-widget-shortcode\" data-id=\"55d5e76\" data-element_type=\"widget\" data-e-type=\"widget\" data-widget_type=\"shortcode.default\">\n\t\t\t\t<div class=\"elementor-widget-container\">\n\t\t\t\t\t\t\t<div class=\"elementor-shortcode\"><div class=\"carousel-slider-outer carousel-slider-outer-image-carousel-url carousel-slider-outer-1321\" style=\"--carousel-slider-nav-color:#f1f1f1;--carousel-slider-active-nav-color:#00d1b2;--carousel-slider-arrow-size:48px;--carousel-slider-bullet-size:10px\">\n<div id=\"&#039;id-1321\" class=\"carousel-slider carousel-slider-1321 arrows-visibility-never dots-visibility-never arrows-outside dots-center dots-circle owl-carousel\" data-slide-type=\"image-carousel-url\" data-owl-settings='{\"nav\":false,\"dots\":false,\"slideBy\":1,\"stagePadding\":0,\"margin\":20,\"loop\":true,\"lazyLoad\":false,\"autoplay\":true,\"autoplayTimeout\":3000,\"autoplaySpeed\":700,\"autoplayHoverPause\":true,\"autoWidth\":false,\"responsive\":{\"300\":{\"items\":1},\"576\":{\"items\":2},\"768\":{\"items\":2},\"1024\":{\"items\":2},\"1280\":{\"items\":2},\"1536\":{\"items\":2}}}'>\n<div class=\"carousel-slider__item\">\n\t<a href=\"https:\/\/iziverse.com\/ci\/\" target=\"_blank\"><img decoding=\"async\" alt=\"\" src=\"https:\/\/annuaire.iziverse.com\/wp-content\/uploads\/2025\/06\/IZIVERSE-Banner-1.png\" \/><\/a><\/div>\n<div class=\"carousel-slider__item\">\n\t<a href=\"https:\/\/iziverse.com\/ci\/\" target=\"_blank\"><img decoding=\"async\" alt=\"\" src=\"https:\/\/annuaire.iziverse.com\/wp-content\/uploads\/2025\/06\/IZIVERSE-Banner-2.png\" \/><\/a><\/div>\n<div class=\"carousel-slider__item\">\n\t<a href=\"https:\/\/eliredelices.ci\/\" target=\"_blank\"><img decoding=\"async\" alt=\"\" src=\"https:\/\/annuaire.iziverse.com\/wp-content\/uploads\/2025\/06\/ELIRE-DELICES-Banner-1-.png\" \/><\/a><\/div>\n<div class=\"carousel-slider__item\">\n\t<a href=\"https:\/\/eliredelices.ci\/\" target=\"_blank\"><img decoding=\"async\" alt=\"\" src=\"https:\/\/annuaire.iziverse.com\/wp-content\/uploads\/2025\/06\/Banner-2.png\" \/><\/a><\/div>\n<div class=\"carousel-slider__item\">\n\t<a href=\"https:\/\/webops.co.in\/\" target=\"_blank\"><img decoding=\"async\" alt=\"\" src=\"https:\/\/annuaire.iziverse.com\/wp-content\/uploads\/2025\/06\/WEBOPS-Banner-1.png\" \/><\/a><\/div>\n<div class=\"carousel-slider__item\">\n\t<a href=\"https:\/\/webops.co.in\/\" target=\"_blank\"><img decoding=\"async\" alt=\"\" src=\"https:\/\/annuaire.iziverse.com\/wp-content\/uploads\/2025\/06\/WEBOPS-Banner-2.png\" \/><\/a><\/div>\n<\/div><!-- .carousel-slider-1321 -->\n<\/div><!-- .carousel-slider-outer-1321 -->\n<\/div>\n\t\t\t\t\t\t<\/div>\n\t\t\t\t<\/div>\n\t\t\t\t\t<\/div>\n\t\t\t\t<\/div>\n\t\t<div class=\"elementor-element elementor-element-e105dce e-flex e-con-boxed e-con e-parent\" data-id=\"e105dce\" data-element_type=\"container\" data-e-type=\"container\">\n\t\t\t\t\t<div class=\"e-con-inner\">\n\t\t<div class=\"elementor-element elementor-element-32a085a e-con-full e-flex e-con e-child\" data-id=\"32a085a\" data-element_type=\"container\" data-e-type=\"container\">\n\t\t<div class=\"elementor-element elementor-element-9d16f49 e-con-full e-flex e-con e-child\" data-id=\"9d16f49\" data-element_type=\"container\" data-e-type=\"container\" data-settings=\"{&quot;background_background&quot;:&quot;classic&quot;}\">\n\t\t<div class=\"elementor-element elementor-element-aa46fa0 e-con-full e-flex e-con e-child\" data-id=\"aa46fa0\" data-element_type=\"container\" data-e-type=\"container\">\n\t\t\t\t<div class=\"elementor-element elementor-element-fb66d79 elementor-widget__width-initial elementor-hidden-widescreen elementor-hidden-desktop elementor-hidden-tablet elementor-hidden-mobile elementor-widget elementor-widget-heading\" data-id=\"fb66d79\" data-element_type=\"widget\" data-e-type=\"widget\" data-widget_type=\"heading.default\">\n\t\t\t\t<div class=\"elementor-widget-container\">\n\t\t\t\t\t<div class=\"elementor-heading-title elementor-size-default\"><span style=\"background: linear-gradient(90deg, #2C77ED 20%, #14CC95 50%)\">\n\nFEATURED \n\n<\/span>\nannuaires<span style=\"background: linear-gradient(90deg, #2C77ED 20%, #14CC95 50%)\">\n\n\n\n<\/span><\/div>\t\t\t\t<\/div>\n\t\t\t\t<\/div>\n\t\t\t\t<div class=\"elementor-element elementor-element-69d3f65 elementor-widget elementor-widget-text-editor\" data-id=\"69d3f65\" data-element_type=\"widget\" data-e-type=\"widget\" data-widget_type=\"text-editor.default\">\n\t\t\t\t<div class=\"elementor-widget-container\">\n\t\t\t\t\t\t\t\t\tannuaires <span style=\"background: linear-gradient(90deg, #2C77ED 20%, #14CC95 50%);-webkit-background-clip: text;-webkit-text-fill-color: transparent;\">\n\n\u00c9lite\n\n<\/span>\n<span style=\"background: linear-gradient(90deg, #2C77ED 20%, #14CC95 50%);-webkit-background-clip: text;-webkit-text-fill-color: transparent;\">\n\n\n\n<\/span>\t\t\t\t\t\t\t\t<\/div>\n\t\t\t\t<\/div>\n\t\t\t\t<div class=\"elementor-element elementor-element-3ec40ed elementor-widget__width-initial elementor-widget elementor-widget-heading\" data-id=\"3ec40ed\" data-element_type=\"widget\" data-e-type=\"widget\" data-widget_type=\"heading.default\">\n\t\t\t\t<div class=\"elementor-widget-container\">\n\t\t\t\t\t<div class=\"elementor-heading-title elementor-size-default\">Professional directory of businesses and artisans in Ivory Coast<\/div>\t\t\t\t<\/div>\n\t\t\t\t<\/div>\n\t\t\t\t<div class=\"elementor-element elementor-element-e42375b elementor-widget__width-inherit elementor-hidden-widescreen elementor-hidden-desktop elementor-hidden-tablet elementor-hidden-mobile elementor-widget elementor-widget-shortcode\" data-id=\"e42375b\" data-element_type=\"widget\" data-e-type=\"widget\" data-widget_type=\"shortcode.default\">\n\t\t\t\t<div class=\"elementor-widget-container\">\n\t\t\t\t\t\t\t<div class=\"elementor-shortcode\">\r\n\t\t\t<div class=\"row margin-bottom-25\">\r\n\r\n\t\t\t\t\t\t\t<\/div>\r\n\t\t<!-- Listings -->\r\n\r\n<div id=\"listeo-listings-container\" \r\ndata-counter=\"1\" \r\ndata-style=\"grid\"  \r\ndata-custom_class=\"\" \r\ndata-per_page=\"6\" \r\ndata-grid_columns=\"2\" \r\n data-region=\"\"  data-_listing_type=\"\"  data-category=\"IZI ANNUAIRES\"  data-feature=\"\"  data-rental-category=\"\"  data-service-category=\"\"  data-event-category=\"\" class=\"row  ajax-search\">\r\n\t<div class=\"loader-ajax-container\" style=\"\"> <div class=\"loader-ajax\"><\/div> <\/div>\r\n<!-- Listing Item -->\r\n<div class=\"col-lg-6 col-md-12\"><a href=\"https:\/\/annuaire.iziverse.com\/en\/listing\/elire-delices-by-chef-ruth-nguessan\/\"  class=\"listing-item-container listing-geo-data\" \r\n\t\tdata-title=\"Elire D\u00e9lices By Chef Ruth N&#8217;Guessan\"\r\n\t\tdata-listing-type=\"service\"\r\n\t\tdata-classifieds-price=\"XOF\"\r\n\t\tdata-friendly-address=\"\"\r\n\t\tdata-address=\"Cocody, Abidjan\"\r\n\t\tdata-image=\"https:\/\/annuaire.iziverse.com\/wp-content\/uploads\/2024\/11\/ED5-3-520x397.jpg\"\r\n\t\tdata-longitude=\"5.309766171943691\"\r\n\t\tdata-latitude=\"-4.017308709289449\"\r\n\t\t\t\t\tdata-rating=\"0\"\r\n\t\t\tdata-reviews=\"0\"\r\n\t\t\t\tdata-icon=\"&lt;i class=&quot;fab fa-500px&quot;&gt;&lt;\/i&gt;\"\r\n\r\n\t>\r\n    <div class=\"listing-item  featured-listing\">\r\n\r\n        <div class=\"listing-small-badges-container\">\r\n                            <div class=\"listing-small-badge featured-badge\"><i class=\"fa fa-star\"><\/i> Featured<\/div>\r\n                                                    <div class=\"listing-small-badge pricing-badge\"><i class=\"fa fa-tag\"><\/i>XOF1,000 - XOF10,000<\/div>\r\n                                    \r\n        <\/div>\r\n        <img fetchpriority=\"high\" decoding=\"async\" width=\"520\" height=\"397\" src=\"https:\/\/annuaire.iziverse.com\/wp-content\/uploads\/2024\/11\/ED5-3-520x397.jpg\" class=\"attachment-listeo-listing-grid size-listeo-listing-grid wp-post-image\" alt=\"\" \/>\r\n                            <div class=\"listing-badge now-closed\">Now Closed<\/div>\r\n                        \r\n        <div class=\"listing-item-content\">\r\n\r\n                            <span class=\"tag\">IZI ANNUAIRES<\/span>\r\n            \r\n            <h3>Elire D\u00e9lices By Chef Ruth N&#8217;Guessan <i class=\"verified-icon\"><\/i><\/h3>\r\n            <span>Cocody, Abidjan<\/span>\r\n        <\/div>\r\n                        <span class=\"save like-icon tooltip left\" title=\"Login To Bookmark Items\"><\/span>\r\n                        <\/div>\r\n\r\n                            <div class=\"star-rating\">\r\n\r\n                            <div class=\"rating-counter no-reviews\"><span>No reviews yet<\/span><\/div>\r\n                        <\/div>\r\n            \r\n<\/a>\r\n\r\n    <\/div>\r\n\r\n\r\n<!-- Listing Item \/ End -->\t\t\t<\/div>\r\n\t\t\t<div class=\"pagination-container margin-top-20 margin-bottom-20 ajax-search\">\r\n\t\t\t\t\t\t\t<\/div>\r\n\t\t\t<\/div>\n\t\t\t\t\t\t<\/div>\n\t\t\t\t<\/div>\n\t\t\t\t<\/div>\n\t\t\t\t<\/div>\n\t\t\t\t<\/div>\n\t\t\t\t\t<\/div>\n\t\t\t\t<\/div>\n\t\t<div class=\"elementor-element elementor-element-c012e14 elementor-hidden-widescreen elementor-hidden-desktop elementor-hidden-tablet elementor-hidden-mobile e-flex e-con-boxed e-con e-parent\" data-id=\"c012e14\" data-element_type=\"container\" data-e-type=\"container\">\n\t\t\t\t\t<div class=\"e-con-inner\">\n\t\t<div class=\"elementor-element elementor-element-7d148c7 e-con-full e-flex e-con e-child\" data-id=\"7d148c7\" data-element_type=\"container\" data-e-type=\"container\">\n\t\t<div class=\"elementor-element elementor-element-b892660 e-con-full e-flex e-con e-child\" data-id=\"b892660\" data-element_type=\"container\" data-e-type=\"container\" data-settings=\"{&quot;background_background&quot;:&quot;classic&quot;}\">\n\t\t<div class=\"elementor-element elementor-element-1b9b35b e-con-full e-flex e-con e-child\" data-id=\"1b9b35b\" data-element_type=\"container\" data-e-type=\"container\">\n\t\t\t\t<div class=\"elementor-element elementor-element-0a7e815 elementor-widget__width-initial elementor-hidden-widescreen elementor-hidden-desktop elementor-hidden-tablet elementor-hidden-mobile elementor-widget elementor-widget-heading\" data-id=\"0a7e815\" data-element_type=\"widget\" data-e-type=\"widget\" data-widget_type=\"heading.default\">\n\t\t\t\t<div class=\"elementor-widget-container\">\n\t\t\t\t\t<div class=\"elementor-heading-title elementor-size-default\"><span style=\"background: linear-gradient(90deg, #2C77ED 20%, #14CC95 50%)\">\n\nFEATURED \n\n<\/span>\nannuaires<span style=\"background: linear-gradient(90deg, #2C77ED 20%, #14CC95 50%)\">\n\n\n\n<\/span><\/div>\t\t\t\t<\/div>\n\t\t\t\t<\/div>\n\t\t\t\t<div class=\"elementor-element elementor-element-9ac5917 elementor-widget elementor-widget-text-editor\" data-id=\"9ac5917\" data-element_type=\"widget\" data-e-type=\"widget\" data-widget_type=\"text-editor.default\">\n\t\t\t\t<div class=\"elementor-widget-container\">\n\t\t\t\t\t\t\t\t\t<h2><b><span style=\"background: linear-gradient(90deg, #2C77ED 20%, #14CC95 50%);-webkit-background-clip: text;-webkit-text-fill-color: transparent;\">\n\nIZI\n\n<\/span>\nannuaires<span style=\"background: linear-gradient(90deg, #2C77ED 20%, #14CC95 50%);-webkit-background-clip: text;-webkit-text-fill-color: transparent;\">\n\n\n\n<\/span>\t\t\t\t\t\t\t\t<\/div>\n\t\t\t\t<\/div>\n\t\t\t\t<\/div>\n\t\t\t\t<\/div>\n\t\t\t\t<\/div>\n\t\t\t\t\t<\/div>\n\t\t\t\t<\/div>\n\t\t<div class=\"elementor-element elementor-element-e0e813e e-flex e-con-boxed e-con e-parent\" data-id=\"e0e813e\" data-element_type=\"container\" data-e-type=\"container\">\n\t\t\t\t\t<div class=\"e-con-inner\">\n\t\t<div class=\"elementor-element elementor-element-24b0a36 e-con-full e-flex e-con e-child\" data-id=\"24b0a36\" data-element_type=\"container\" data-e-type=\"container\">\n\t\t<div class=\"elementor-element elementor-element-bb5000f e-con-full e-flex e-con e-child\" data-id=\"bb5000f\" data-element_type=\"container\" data-e-type=\"container\" data-settings=\"{&quot;background_background&quot;:&quot;classic&quot;}\">\n\t\t<div class=\"elementor-element elementor-element-10e5051 e-con-full e-flex e-con e-child\" data-id=\"10e5051\" data-element_type=\"container\" data-e-type=\"container\">\n\t\t\t\t<div class=\"elementor-element elementor-element-b7f7043 elementor-widget__width-initial elementor-hidden-widescreen elementor-hidden-desktop elementor-hidden-tablet elementor-hidden-mobile elementor-widget elementor-widget-heading\" data-id=\"b7f7043\" data-element_type=\"widget\" data-e-type=\"widget\" data-widget_type=\"heading.default\">\n\t\t\t\t<div class=\"elementor-widget-container\">\n\t\t\t\t\t<div class=\"elementor-heading-title elementor-size-default\"><span style=\"background: linear-gradient(90deg, #2C77ED 20%, #14CC95 50%)\">\n\nIZI\n\n<\/span>\nLISTINGS<\/div>\t\t\t\t<\/div>\n\t\t\t\t<\/div>\n\t\t\t\t<div class=\"elementor-element elementor-element-42ceafc elementor-widget__width-initial elementor-hidden-widescreen elementor-hidden-desktop elementor-hidden-tablet elementor-hidden-mobile elementor-widget elementor-widget-heading\" data-id=\"42ceafc\" data-element_type=\"widget\" data-e-type=\"widget\" data-widget_type=\"heading.default\">\n\t\t\t\t<div class=\"elementor-widget-container\">\n\t\t\t\t\t<div class=\"elementor-heading-title elementor-size-default\">Business, Service &amp; Classified<\/div>\t\t\t\t<\/div>\n\t\t\t\t<\/div>\n\t\t\t\t<div class=\"elementor-element elementor-element-fd0f721 elementor-widget__width-initial elementor-hidden-widescreen elementor-hidden-desktop elementor-hidden-tablet elementor-hidden-mobile elementor-widget elementor-widget-heading\" data-id=\"fd0f721\" data-element_type=\"widget\" data-e-type=\"widget\" data-widget_type=\"heading.default\">\n\t\t\t\t<div class=\"elementor-widget-container\">\n\t\t\t\t\t<div class=\"elementor-heading-title elementor-size-default\"><span style=\"background: linear-gradient(90deg, #2C77ED 20%, #14CC95 50%)\">\n\nIZI\n\n<\/span>\nannuaires<span style=\"background: linear-gradient(90deg, #2C77ED 20%, #14CC95 50%)\">\n\n\n\n<\/span><\/div>\t\t\t\t<\/div>\n\t\t\t\t<\/div>\n\t\t\t\t<div class=\"elementor-element elementor-element-0554b37 elementor-widget elementor-widget-text-editor\" data-id=\"0554b37\" data-element_type=\"widget\" data-e-type=\"widget\" data-widget_type=\"text-editor.default\">\n\t\t\t\t<div class=\"elementor-widget-container\">\n\t\t\t\t\t\t\t\t\t<h2><b><span style=\"background: linear-gradient(90deg, #2C77ED 20%, #14CC95 50%);-webkit-background-clip: text;-webkit-text-fill-color: transparent;\">\n\nIZI\n\n<\/span>\nannuaires<span style=\"background: linear-gradient(90deg, #2C77ED 20%, #14CC95 50%);-webkit-background-clip: text;-webkit-text-fill-color: transparent;\">\n\n\n\n<\/span>\t\t\t\t\t\t\t\t<\/div>\n\t\t\t\t<\/div>\n\t\t\t\t<div class=\"elementor-element elementor-element-5d416b4 elementor-widget__width-inherit elementor-widget elementor-widget-shortcode\" data-id=\"5d416b4\" data-element_type=\"widget\" data-e-type=\"widget\" data-widget_type=\"shortcode.default\">\n\t\t\t\t<div class=\"elementor-widget-container\">\n\t\t\t\t\t\t\t<div class=\"elementor-shortcode\">\r\n\t\t\t<div class=\"row margin-bottom-25\">\r\n\r\n\t\t\t\t\t\t\t<\/div>\r\n\t\t<!-- Listings -->\r\n\r\n<div id=\"listeo-listings-container\" \r\ndata-counter=\"1\" \r\ndata-style=\"list\"  \r\ndata-custom_class=\"\" \r\ndata-per_page=\"3\" \r\ndata-grid_columns=\"2\" \r\n data-region=\"\"  data-_listing_type=\"\"  data-category=\"IZI ANNUAIRES\"  data-feature=\"\"  data-rental-category=\"\"  data-service-category=\"\"  data-event-category=\"\" class=\"row  ajax-search\">\r\n\t<div class=\"loader-ajax-container\" style=\"\"> <div class=\"loader-ajax\"><\/div> <\/div>\r\n<!-- Listing Item -->\r\n\r\n<div class=\"col-lg-12 col-md-12\">\r\n\t<div  class=\"listing-item-container listing-geo-data list-layout listing-type-service\" \r\n\t\tdata-title=\"Elire D\u00e9lices By Chef Ruth N&#8217;Guessan\"\r\n\t\tdata-listing-type=\"service\"\r\n\t\tdata-classifieds-price=\"XOF\"\r\n\t\tdata-friendly-address=\"\"\r\n\t\tdata-address=\"Cocody, Abidjan\"\r\n\t\tdata-image=\"https:\/\/annuaire.iziverse.com\/wp-content\/uploads\/2024\/11\/ED5-3-520x397.jpg\"\r\n\t\tdata-longitude=\"5.309766171943691\"\r\n\t\tdata-latitude=\"-4.017308709289449\"\r\n\t\t\t\t\tdata-rating=\"0\"\r\n\t\t\tdata-reviews=\"0\"\r\n\t\t\t\tdata-icon=\"&lt;i class=&quot;fab fa-500px&quot;&gt;&lt;\/i&gt;\"\r\n\r\n\t>\r\n\t\t<a href=\"https:\/\/annuaire.iziverse.com\/en\/listing\/elire-delices-by-chef-ruth-nguessan\/\" class=\"listing-item featured-listing\">\r\n\t\t\t<div class=\"listing-small-badges-container\">\r\n\t\t\t\t\t\t\t\t\t<div class=\"listing-small-badge featured-badge\"><i class=\"fa fa-star\"><\/i> Featured<\/div><br>\r\n\t\t\t\t\r\n\r\n\t\t\t<\/div>\r\n\r\n\t\t\t<!-- Image -->\r\n\t\t\t<div class=\"listing-item-image\">\r\n\t\t\t\t<img fetchpriority=\"high\" decoding=\"async\" width=\"520\" height=\"397\" src=\"https:\/\/annuaire.iziverse.com\/wp-content\/uploads\/2024\/11\/ED5-3-520x397.jpg\" class=\"attachment-listeo-listing-grid size-listeo-listing-grid wp-post-image\" alt=\"\" \/>\t\t\t\t\t\t\t\t\t<span class=\"tag\">\r\n\t\t\t\t\t\tIZI ANNUAIRES\t\t\t\t\t<\/span>\r\n\t\t\t\t\t\t\t<\/div>\r\n\r\n\t\t\t<!-- Content -->\r\n\t\t\t<div class=\"listing-item-content\">\r\n\t\t\t\t\t\t\t\t\t\t\t<div class=\"listing-badge now-closed\">Now Closed<\/div>\r\n\t\t\t\t\t\t\t\t\t\t\t\t\t\t<div class=\"listing-item-inner\">\r\n\t\t\t\t\t<h3>\t\t\t\t\t\tElire D\u00e9lices By Chef Ruth N&#8217;Guessan\t\t\t\t\t\t<i class=\"verified-icon\"><\/i>\t\t\t\t\t<\/h3>\r\n\t\t\t\t\t<span>Cocody, Abidjan<\/span>\r\n\r\n\t\t\t\t\t\t\t\t\t\t\t\t\t\t\t\t\t\t\t\t\t\t\t\t\t\t\t<div class=\"listing-list-small-badges-container\">\r\n\t\t\t\t\t\t\t\t\t\t\t\t\t\t\t\t\t\t\t\t\t\t\t\t\t<div class=\"listing-small-badge pricing-badge\"><i class=\"fa fa-tag\"><\/i>XOF1,000 - XOF10,000<\/div>\r\n\t\t\t\t\t\t\t\t\t\t\t\t\t\t\t\t\t\t\t\t\t\t\t\t\t\t\t\t\t\t\t\t\t\t\t\t\t\t\t\t<\/div>\r\n\t\t\t\t\t\t\t\r\n\t\t\t\t\t\t\t\t<\/div>\r\n\r\n\t\t\t\t\t\t\t\t\t\t\t\t\t\t\t\t\t\t<span class=\"save like-icon tooltip left\" title=\"Login To Bookmark Items\"><\/span>\r\n\t\t\t\t\t\t\t\t\t\t\t\t\t\t\t\t\t\r\n\t\t\t\t<\/div>\r\n\t\t<\/a>\r\n\t<\/div>\r\n<\/div>\r\n\r\n<!-- Listing Item \/ End -->\t\t\t<\/div>\r\n\t\t\t<div class=\"pagination-container margin-top-20 margin-bottom-20 ajax-search\">\r\n\t\t\t\t\t\t\t<\/div>\r\n\t\t\t<\/div>\n\t\t\t\t\t\t<\/div>\n\t\t\t\t<\/div>\n\t\t\t\t<\/div>\n\t\t\t\t<\/div>\n\t\t\t\t<\/div>\n\t\t\t\t\t<\/div>\n\t\t\t\t<\/div>\n\t\t\t\t<\/div>","protected":false},"excerpt":{"rendered":"<p>FEATURED annuaires annuaires \u00c9lite R\u00e9pertoire professionnel des entreprises et artisans de C\u00f4te d&#8217;Ivoire Featured XOF999 &#8211; XOF9,999 Now Closed AD George Burton \u2013 Life Coach AD Fitness Center Avenue Christiani, Zone 2b, Treichville, Abidjan, C\u00f4te d&#8217;Ivoire Featured AD Sticky Band Featured XOF999 &#8211; XOF9,999 Now Closed AD George Burton \u2013 Life Coach AD Fitness Center [&hellip;]<\/p>\n","protected":false},"author":1,"featured_media":0,"parent":0,"menu_order":0,"comment_status":"closed","ping_status":"closed","template":"","meta":{"footnotes":""},"class_list":["post-2111","page","type-page","status-publish","hentry"],"_links":{"self":[{"href":"https:\/\/annuaire.iziverse.com\/en\/wp-json\/wp\/v2\/pages\/2111","targetHints":{"allow":["GET"]}}],"collection":[{"href":"https:\/\/annuaire.iziverse.com\/en\/wp-json\/wp\/v2\/pages"}],"about":[{"href":"https:\/\/annuaire.iziverse.com\/en\/wp-json\/wp\/v2\/types\/page"}],"author":[{"embeddable":true,"href":"https:\/\/annuaire.iziverse.com\/en\/wp-json\/wp\/v2\/users\/1"}],"replies":[{"embeddable":true,"href":"https:\/\/annuaire.iziverse.com\/en\/wp-json\/wp\/v2\/comments?post=2111"}],"version-history":[{"count":0,"href":"https:\/\/annuaire.iziverse.com\/en\/wp-json\/wp\/v2\/pages\/2111\/revisions"}],"wp:attachment":[{"href":"https:\/\/annuaire.iziverse.com\/en\/wp-json\/wp\/v2\/media?parent=2111"}],"curies":[{"name":"wp","href":"https:\/\/api.w.org\/{rel}","templated":true}]}}