{"id":2205,"date":"2024-08-12T11:28:41","date_gmt":"2024-08-12T11:28:41","guid":{"rendered":"https:\/\/ci.iziverse.com\/annuaire\/?page_id=2205"},"modified":"2024-11-15T16:48:23","modified_gmt":"2024-11-15T16:48:23","slug":"izi-evenements","status":"publish","type":"page","link":"https:\/\/annuaire.iziverse.com\/en\/izi-evenements\/","title":{"rendered":"IZI \u00c9V\u00c9NEMENTS"},"content":{"rendered":"<div data-elementor-type=\"wp-page\" data-elementor-id=\"2205\" class=\"elementor elementor-2205\">\n\t\t\t\t<div class=\"elementor-element elementor-element-cfe0c4a e-flex e-con-boxed e-con e-parent\" data-id=\"cfe0c4a\" data-element_type=\"container\" data-e-type=\"container\">\n\t\t\t\t\t<div class=\"e-con-inner\">\n\t\t\t\t<div class=\"elementor-element elementor-element-017ebec elementor-widget elementor-widget-shortcode\" data-id=\"017ebec\" data-element_type=\"widget\" data-e-type=\"widget\" data-widget_type=\"shortcode.default\">\n\t\t\t\t<div class=\"elementor-widget-container\">\n\t\t\t\t\t\t\t<div class=\"elementor-shortcode\"><div class=\"carousel-slider-outer carousel-slider-outer-image-carousel-url carousel-slider-outer-1321\" style=\"--carousel-slider-nav-color:#f1f1f1;--carousel-slider-active-nav-color:#00d1b2;--carousel-slider-arrow-size:48px;--carousel-slider-bullet-size:10px\">\n<div id=\"&#039;id-1321\" class=\"carousel-slider carousel-slider-1321 arrows-visibility-never dots-visibility-never arrows-outside dots-center dots-circle owl-carousel\" data-slide-type=\"image-carousel-url\" data-owl-settings='{\"nav\":false,\"dots\":false,\"slideBy\":1,\"stagePadding\":0,\"margin\":20,\"loop\":true,\"lazyLoad\":false,\"autoplay\":true,\"autoplayTimeout\":3000,\"autoplaySpeed\":700,\"autoplayHoverPause\":true,\"autoWidth\":false,\"responsive\":{\"300\":{\"items\":1},\"576\":{\"items\":2},\"768\":{\"items\":2},\"1024\":{\"items\":2},\"1280\":{\"items\":2},\"1536\":{\"items\":2}}}'>\n<div class=\"carousel-slider__item\">\n\t<a href=\"https:\/\/iziverse.com\/ci\/\" target=\"_blank\"><img decoding=\"async\" alt=\"\" src=\"https:\/\/annuaire.iziverse.com\/wp-content\/uploads\/2025\/06\/IZIVERSE-Banner-1.png\" \/><\/a><\/div>\n<div class=\"carousel-slider__item\">\n\t<a href=\"https:\/\/iziverse.com\/ci\/\" target=\"_blank\"><img decoding=\"async\" alt=\"\" src=\"https:\/\/annuaire.iziverse.com\/wp-content\/uploads\/2025\/06\/IZIVERSE-Banner-2.png\" \/><\/a><\/div>\n<div class=\"carousel-slider__item\">\n\t<a href=\"https:\/\/eliredelices.ci\/\" target=\"_blank\"><img decoding=\"async\" alt=\"\" src=\"https:\/\/annuaire.iziverse.com\/wp-content\/uploads\/2025\/06\/ELIRE-DELICES-Banner-1-.png\" \/><\/a><\/div>\n<div class=\"carousel-slider__item\">\n\t<a href=\"https:\/\/eliredelices.ci\/\" target=\"_blank\"><img decoding=\"async\" alt=\"\" src=\"https:\/\/annuaire.iziverse.com\/wp-content\/uploads\/2025\/06\/Banner-2.png\" \/><\/a><\/div>\n<div class=\"carousel-slider__item\">\n\t<a href=\"https:\/\/webops.co.in\/\" target=\"_blank\"><img decoding=\"async\" alt=\"\" src=\"https:\/\/annuaire.iziverse.com\/wp-content\/uploads\/2025\/06\/WEBOPS-Banner-1.png\" \/><\/a><\/div>\n<div class=\"carousel-slider__item\">\n\t<a href=\"https:\/\/webops.co.in\/\" target=\"_blank\"><img decoding=\"async\" alt=\"\" src=\"https:\/\/annuaire.iziverse.com\/wp-content\/uploads\/2025\/06\/WEBOPS-Banner-2.png\" \/><\/a><\/div>\n<\/div><!-- .carousel-slider-1321 -->\n<\/div><!-- .carousel-slider-outer-1321 -->\n<\/div>\n\t\t\t\t\t\t<\/div>\n\t\t\t\t<\/div>\n\t\t\t\t\t<\/div>\n\t\t\t\t<\/div>\n\t\t<div class=\"elementor-element elementor-element-113bb10 e-flex e-con-boxed e-con e-parent\" data-id=\"113bb10\" data-element_type=\"container\" data-e-type=\"container\">\n\t\t\t\t\t<div class=\"e-con-inner\">\n\t\t<div class=\"elementor-element elementor-element-3189447 e-con-full e-flex e-con e-child\" data-id=\"3189447\" data-element_type=\"container\" data-e-type=\"container\">\n\t\t<div class=\"elementor-element elementor-element-5b3ec8f e-con-full e-flex e-con e-child\" data-id=\"5b3ec8f\" data-element_type=\"container\" data-e-type=\"container\" data-settings=\"{&quot;background_background&quot;:&quot;classic&quot;}\">\n\t\t<div class=\"elementor-element elementor-element-c15959f e-con-full e-flex e-con e-child\" data-id=\"c15959f\" data-element_type=\"container\" data-e-type=\"container\">\n\t\t\t\t<div class=\"elementor-element elementor-element-1d41f54 elementor-widget__width-initial elementor-hidden-widescreen elementor-hidden-desktop elementor-hidden-tablet elementor-hidden-mobile elementor-widget elementor-widget-heading\" data-id=\"1d41f54\" data-element_type=\"widget\" data-e-type=\"widget\" data-widget_type=\"heading.default\">\n\t\t\t\t<div class=\"elementor-widget-container\">\n\t\t\t\t\t<div class=\"elementor-heading-title elementor-size-default\"><span style=\"background: linear-gradient(90deg, #2C77ED 20%, #14CC95 50%)\">\n\nFEATURED \n\n<\/span>\nEVENTS<span style=\"background: linear-gradient(90deg, #2C77ED 20%, #14CC95 50%)\">\n\n\n\n<\/span><\/div>\t\t\t\t<\/div>\n\t\t\t\t<\/div>\n\t\t\t\t<div class=\"elementor-element elementor-element-fd187e4 elementor-widget elementor-widget-text-editor\" data-id=\"fd187e4\" data-element_type=\"widget\" data-e-type=\"widget\" data-widget_type=\"text-editor.default\">\n\t\t\t\t<div class=\"elementor-widget-container\">\n\t\t\t\t\t\t\t\t\t\u00c9V\u00c9NEMENTS <span style=\"background: linear-gradient(90deg, #2C77ED 20%, #14CC95 50%);-webkit-background-clip: text;-webkit-text-fill-color: transparent;\">\n\n\u00c9lite\n\n<\/span>\n<span style=\"background: linear-gradient(90deg, #2C77ED 20%, #14CC95 50%);-webkit-background-clip: text;-webkit-text-fill-color: transparent;\">\n\n\n\n<\/span>\t\t\t\t\t\t\t\t<\/div>\n\t\t\t\t<\/div>\n\t\t\t\t<div class=\"elementor-element elementor-element-e0e13c0 elementor-widget__width-initial elementor-widget elementor-widget-heading\" data-id=\"e0e13c0\" data-element_type=\"widget\" data-e-type=\"widget\" data-widget_type=\"heading.default\">\n\t\t\t\t<div class=\"elementor-widget-container\">\n\t\t\t\t\t<div class=\"elementor-heading-title elementor-size-default\">Events not to be missed<\/div>\t\t\t\t<\/div>\n\t\t\t\t<\/div>\n\t\t\t\t<\/div>\n\t\t\t\t<\/div>\n\t\t\t\t<\/div>\n\t\t<div class=\"elementor-element elementor-element-cbb01b7 e-con-full e-flex e-con e-child\" data-id=\"cbb01b7\" data-element_type=\"container\" data-e-type=\"container\">\n\t\t<div class=\"elementor-element elementor-element-a29ee7f e-con-full e-flex e-con e-child\" data-id=\"a29ee7f\" data-element_type=\"container\" data-e-type=\"container\" data-settings=\"{&quot;background_background&quot;:&quot;classic&quot;}\">\n\t\t<div class=\"elementor-element elementor-element-4e34144 e-con-full e-flex e-con e-child\" data-id=\"4e34144\" data-element_type=\"container\" data-e-type=\"container\">\n\t\t\t\t<div class=\"elementor-element elementor-element-019f05d elementor-widget__width-initial elementor-hidden-widescreen elementor-hidden-desktop elementor-hidden-tablet elementor-hidden-mobile elementor-widget elementor-widget-heading\" data-id=\"019f05d\" data-element_type=\"widget\" data-e-type=\"widget\" data-widget_type=\"heading.default\">\n\t\t\t\t<div class=\"elementor-widget-container\">\n\t\t\t\t\t<div class=\"elementor-heading-title elementor-size-default\"><span style=\"background: linear-gradient(90deg, #2C77ED 20%, #14CC95 50%)\">\n\nIZI\n\n<\/span>\nDerniers \u00e9v\u00e9nements<\/div>\t\t\t\t<\/div>\n\t\t\t\t<\/div>\n\t\t\t\t<div class=\"elementor-element elementor-element-28ff9ac elementor-widget elementor-widget-text-editor\" data-id=\"28ff9ac\" data-element_type=\"widget\" data-e-type=\"widget\" data-widget_type=\"text-editor.default\">\n\t\t\t\t<div class=\"elementor-widget-container\">\n\t\t\t\t\t\t\t\t\t<span style=\"background: linear-gradient(90deg, #2C77ED 20%, #14CC95 50%);-webkit-background-clip: text;-webkit-text-fill-color: transparent;\">\n\nIZI\n\n<\/span>\nDerniers \u00e9v\u00e9nements\t\t\t\t\t\t\t\t<\/div>\n\t\t\t\t<\/div>\n\t\t\t\t<div class=\"elementor-element elementor-element-d6b27ff elementor-widget__width-initial elementor-hidden-widescreen elementor-hidden-desktop elementor-hidden-tablet elementor-hidden-mobile elementor-widget elementor-widget-heading\" data-id=\"d6b27ff\" data-element_type=\"widget\" data-e-type=\"widget\" data-widget_type=\"heading.default\">\n\t\t\t\t<div class=\"elementor-widget-container\">\n\t\t\t\t\t<div class=\"elementor-heading-title elementor-size-default\">Business, Service &amp; Classified<\/div>\t\t\t\t<\/div>\n\t\t\t\t<\/div>\n\t\t\t\t<div class=\"elementor-element elementor-element-322dc59 elementor-widget__width-inherit elementor-hidden-widescreen elementor-hidden-desktop elementor-hidden-tablet elementor-hidden-mobile elementor-widget elementor-widget-shortcode\" data-id=\"322dc59\" data-element_type=\"widget\" data-e-type=\"widget\" data-widget_type=\"shortcode.default\">\n\t\t\t\t<div class=\"elementor-widget-container\">\n\t\t\t\t\t\t\t<div class=\"elementor-shortcode\">\r\n\t\t\t<div class=\"row margin-bottom-25\">\r\n\r\n\t\t\t\t\t\t\t<\/div>\r\n\t\t<!-- Listings -->\r\n\r\n<div id=\"listeo-listings-container\" \r\ndata-counter=\"0\" \r\ndata-style=\"grid-compact\"  \r\ndata-custom_class=\"\" \r\ndata-per_page=\"20\" \r\ndata-grid_columns=\"2\" \r\n data-region=\"\"  data-_listing_type=\"\"  data-category=\"IZI EVENTS\"  data-feature=\"\"  data-rental-category=\"\"  data-service-category=\"\"  data-event-category=\"\" class=\"row  ajax-search\">\r\n\t<div class=\"loader-ajax-container\" style=\"\"> <div class=\"loader-ajax\"><\/div> <\/div>\r\n<div id=\"listeo-listings-container\">\r\n\t\t\t\t\t\t\t<div class=\"loader-ajax-container\" style=\"\"> <div class=\"loader-ajax\"><\/div> <\/div>\r\n<section id=\"listings-not-found\" class=\"margin-bottom-50 col-md-12\">\r\n\t<h2>Nothing found<\/h2>\r\n\t<p>We&rsquo;re sorry but we do not have any listings matching your search, try to change you search settings<\/p>\r\n<\/section>\r\n<\/div><\/div>\n\t\t\t\t\t\t<\/div>\n\t\t\t\t<\/div>\n\t\t\t\t<\/div>\n\t\t\t\t<\/div>\n\t\t\t\t<\/div>\n\t\t<div class=\"elementor-element elementor-element-e0feac1 e-con-full e-flex e-con e-child\" data-id=\"e0feac1\" data-element_type=\"container\" data-e-type=\"container\">\n\t\t<div class=\"elementor-element elementor-element-527f58d e-con-full e-flex e-con e-child\" data-id=\"527f58d\" data-element_type=\"container\" data-e-type=\"container\" data-settings=\"{&quot;background_background&quot;:&quot;classic&quot;}\">\n\t\t<div class=\"elementor-element elementor-element-7e8f579 e-con-full e-flex e-con e-child\" data-id=\"7e8f579\" data-element_type=\"container\" data-e-type=\"container\">\n\t\t\t\t<div class=\"elementor-element elementor-element-ef03f98 elementor-widget__width-initial elementor-hidden-widescreen elementor-hidden-desktop elementor-hidden-tablet elementor-hidden-mobile elementor-widget elementor-widget-heading\" data-id=\"ef03f98\" data-element_type=\"widget\" data-e-type=\"widget\" data-widget_type=\"heading.default\">\n\t\t\t\t<div class=\"elementor-widget-container\">\n\t\t\t\t\t<div class=\"elementor-heading-title elementor-size-default\"><span style=\"background: linear-gradient(90deg, #2C77ED 20%, #14CC95 50%)\">\n\nIZI\n\n<\/span>\nDerniers \u00e9v\u00e9nements<\/div>\t\t\t\t<\/div>\n\t\t\t\t<\/div>\n\t\t\t\t<div class=\"elementor-element elementor-element-62babbe elementor-widget elementor-widget-text-editor\" data-id=\"62babbe\" data-element_type=\"widget\" data-e-type=\"widget\" data-widget_type=\"text-editor.default\">\n\t\t\t\t<div class=\"elementor-widget-container\">\n\t\t\t\t\t\t\t\t\t<span style=\"background: linear-gradient(90deg, #2C77ED 20%, #14CC95 50%);-webkit-background-clip: text;-webkit-text-fill-color: transparent;\">\n\nIZI\n\n<\/span>\norganisateur d&#8217;\u00e9v\u00e9nements\t\t\t\t\t\t\t\t<\/div>\n\t\t\t\t<\/div>\n\t\t\t\t<div class=\"elementor-element elementor-element-02cd471 elementor-widget__width-initial elementor-hidden-widescreen elementor-hidden-desktop elementor-hidden-tablet elementor-hidden-mobile elementor-widget elementor-widget-heading\" data-id=\"02cd471\" data-element_type=\"widget\" data-e-type=\"widget\" data-widget_type=\"heading.default\">\n\t\t\t\t<div class=\"elementor-widget-container\">\n\t\t\t\t\t<div class=\"elementor-heading-title elementor-size-default\">Business, Service &amp; Classified<\/div>\t\t\t\t<\/div>\n\t\t\t\t<\/div>\n\t\t\t\t<div class=\"elementor-element elementor-element-55e54a6 elementor-widget__width-inherit elementor-hidden-widescreen elementor-hidden-desktop elementor-hidden-tablet elementor-hidden-mobile elementor-widget elementor-widget-shortcode\" data-id=\"55e54a6\" data-element_type=\"widget\" data-e-type=\"widget\" data-widget_type=\"shortcode.default\">\n\t\t\t\t<div class=\"elementor-widget-container\">\n\t\t\t\t\t\t\t<div class=\"elementor-shortcode\">\r\n\t\t\t<div class=\"row margin-bottom-25\">\r\n\r\n\t\t\t\t\t\t\t<\/div>\r\n\t\t<!-- Listings -->\r\n\r\n<div id=\"listeo-listings-container\" \r\ndata-counter=\"0\" \r\ndata-style=\"grid-compact\"  \r\ndata-custom_class=\"\" \r\ndata-per_page=\"20\" \r\ndata-grid_columns=\"2\" \r\n data-region=\"\"  data-_listing_type=\"\"  data-category=\"IZI EVENTS\"  data-feature=\"\"  data-rental-category=\"\"  data-service-category=\"\"  data-event-category=\"\" class=\"row  ajax-search\">\r\n\t<div class=\"loader-ajax-container\" style=\"\"> <div class=\"loader-ajax\"><\/div> <\/div>\r\n<div id=\"listeo-listings-container\">\r\n\t\t\t\t\t\t\t<div class=\"loader-ajax-container\" style=\"\"> <div class=\"loader-ajax\"><\/div> <\/div>\r\n<section id=\"listings-not-found\" class=\"margin-bottom-50 col-md-12\">\r\n\t<h2>Nothing found<\/h2>\r\n\t<p>We&rsquo;re sorry but we do not have any listings matching your search, try to change you search settings<\/p>\r\n<\/section>\r\n<\/div><\/div>\n\t\t\t\t\t\t<\/div>\n\t\t\t\t<\/div>\n\t\t\t\t<\/div>\n\t\t\t\t<\/div>\n\t\t\t\t<\/div>\n\t\t\t\t\t<\/div>\n\t\t\t\t<\/div>\n\t\t<div class=\"elementor-element elementor-element-10ad740 e-flex e-con-boxed e-con e-parent\" data-id=\"10ad740\" data-element_type=\"container\" data-e-type=\"container\">\n\t\t\t\t\t<div class=\"e-con-inner\">\n\t\t\t\t\t<\/div>\n\t\t\t\t<\/div>\n\t\t\t\t<\/div>","protected":false},"excerpt":{"rendered":"<p>FEATURED EVENTS \u00c9V\u00c9NEMENTS \u00c9lite Les \u00e9v\u00e9nements \u00e0 ne pas manquer IZI Derniers \u00e9v\u00e9nements IZI Derniers \u00e9v\u00e9nements Business, Service &amp; Classified IZI Derniers \u00e9v\u00e9nements IZI organisateur d&#8217;\u00e9v\u00e9nements Business, Service &amp; Classified<\/p>","protected":false},"author":1,"featured_media":0,"parent":0,"menu_order":0,"comment_status":"closed","ping_status":"closed","template":"","meta":{"footnotes":""},"class_list":["post-2205","page","type-page","status-publish","hentry"],"_links":{"self":[{"href":"https:\/\/annuaire.iziverse.com\/en\/wp-json\/wp\/v2\/pages\/2205","targetHints":{"allow":["GET"]}}],"collection":[{"href":"https:\/\/annuaire.iziverse.com\/en\/wp-json\/wp\/v2\/pages"}],"about":[{"href":"https:\/\/annuaire.iziverse.com\/en\/wp-json\/wp\/v2\/types\/page"}],"author":[{"embeddable":true,"href":"https:\/\/annuaire.iziverse.com\/en\/wp-json\/wp\/v2\/users\/1"}],"replies":[{"embeddable":true,"href":"https:\/\/annuaire.iziverse.com\/en\/wp-json\/wp\/v2\/comments?post=2205"}],"version-history":[{"count":0,"href":"https:\/\/annuaire.iziverse.com\/en\/wp-json\/wp\/v2\/pages\/2205\/revisions"}],"wp:attachment":[{"href":"https:\/\/annuaire.iziverse.com\/en\/wp-json\/wp\/v2\/media?parent=2205"}],"curies":[{"name":"wp","href":"https:\/\/api.w.org\/{rel}","templated":true}]}}