{"id":2219,"date":"2024-08-12T11:33:37","date_gmt":"2024-08-12T11:33:37","guid":{"rendered":"https:\/\/ci.iziverse.com\/annuaire\/?page_id=2219"},"modified":"2025-01-30T18:20:53","modified_gmt":"2025-01-30T18:20:53","slug":"izi-education","status":"publish","type":"page","link":"https:\/\/annuaire.iziverse.com\/en\/izi-education\/","title":{"rendered":"IZI \u00c9DUCATION"},"content":{"rendered":"<div data-elementor-type=\"wp-page\" data-elementor-id=\"2219\" class=\"elementor elementor-2219\">\n\t\t\t\t<div class=\"elementor-element elementor-element-8f87db6 e-flex e-con-boxed e-con e-parent\" data-id=\"8f87db6\" data-element_type=\"container\" data-e-type=\"container\">\n\t\t\t\t\t<div class=\"e-con-inner\">\n\t\t\t\t<div class=\"elementor-element elementor-element-a48d4eb elementor-widget elementor-widget-shortcode\" data-id=\"a48d4eb\" data-element_type=\"widget\" data-e-type=\"widget\" data-widget_type=\"shortcode.default\">\n\t\t\t\t<div class=\"elementor-widget-container\">\n\t\t\t\t\t\t\t<div class=\"elementor-shortcode\"><div class=\"carousel-slider-outer carousel-slider-outer-image-carousel-url carousel-slider-outer-1321\" style=\"--carousel-slider-nav-color:#f1f1f1;--carousel-slider-active-nav-color:#00d1b2;--carousel-slider-arrow-size:48px;--carousel-slider-bullet-size:10px\">\n<div id=\"&#039;id-1321\" class=\"carousel-slider carousel-slider-1321 arrows-visibility-never dots-visibility-never arrows-outside dots-center dots-circle owl-carousel\" data-slide-type=\"image-carousel-url\" data-owl-settings='{\"nav\":false,\"dots\":false,\"slideBy\":1,\"stagePadding\":0,\"margin\":20,\"loop\":true,\"lazyLoad\":false,\"autoplay\":true,\"autoplayTimeout\":3000,\"autoplaySpeed\":700,\"autoplayHoverPause\":true,\"autoWidth\":false,\"responsive\":{\"300\":{\"items\":1},\"576\":{\"items\":2},\"768\":{\"items\":2},\"1024\":{\"items\":2},\"1280\":{\"items\":2},\"1536\":{\"items\":2}}}'>\n<div class=\"carousel-slider__item\">\n\t<a href=\"https:\/\/iziverse.com\/ci\/\" target=\"_blank\"><img decoding=\"async\" alt=\"\" src=\"https:\/\/annuaire.iziverse.com\/wp-content\/uploads\/2025\/06\/IZIVERSE-Banner-1.png\" \/><\/a><\/div>\n<div class=\"carousel-slider__item\">\n\t<a href=\"https:\/\/iziverse.com\/ci\/\" target=\"_blank\"><img decoding=\"async\" alt=\"\" src=\"https:\/\/annuaire.iziverse.com\/wp-content\/uploads\/2025\/06\/IZIVERSE-Banner-2.png\" \/><\/a><\/div>\n<div class=\"carousel-slider__item\">\n\t<a href=\"https:\/\/eliredelices.ci\/\" target=\"_blank\"><img decoding=\"async\" alt=\"\" src=\"https:\/\/annuaire.iziverse.com\/wp-content\/uploads\/2025\/06\/ELIRE-DELICES-Banner-1-.png\" \/><\/a><\/div>\n<div class=\"carousel-slider__item\">\n\t<a href=\"https:\/\/eliredelices.ci\/\" target=\"_blank\"><img decoding=\"async\" alt=\"\" src=\"https:\/\/annuaire.iziverse.com\/wp-content\/uploads\/2025\/06\/Banner-2.png\" \/><\/a><\/div>\n<div class=\"carousel-slider__item\">\n\t<a href=\"https:\/\/webops.co.in\/\" target=\"_blank\"><img decoding=\"async\" alt=\"\" src=\"https:\/\/annuaire.iziverse.com\/wp-content\/uploads\/2025\/06\/WEBOPS-Banner-1.png\" \/><\/a><\/div>\n<div class=\"carousel-slider__item\">\n\t<a href=\"https:\/\/webops.co.in\/\" target=\"_blank\"><img decoding=\"async\" alt=\"\" src=\"https:\/\/annuaire.iziverse.com\/wp-content\/uploads\/2025\/06\/WEBOPS-Banner-2.png\" \/><\/a><\/div>\n<\/div><!-- .carousel-slider-1321 -->\n<\/div><!-- .carousel-slider-outer-1321 -->\n<\/div>\n\t\t\t\t\t\t<\/div>\n\t\t\t\t<\/div>\n\t\t\t\t\t<\/div>\n\t\t\t\t<\/div>\n\t\t<div class=\"elementor-element elementor-element-415308f e-flex e-con-boxed e-con e-parent\" data-id=\"415308f\" data-element_type=\"container\" data-e-type=\"container\">\n\t\t\t\t\t<div class=\"e-con-inner\">\n\t\t<div class=\"elementor-element elementor-element-89255ea e-con-full e-flex e-con e-child\" data-id=\"89255ea\" data-element_type=\"container\" data-e-type=\"container\">\n\t\t<div class=\"elementor-element elementor-element-22cc2bd e-con-full e-flex e-con e-child\" data-id=\"22cc2bd\" data-element_type=\"container\" data-e-type=\"container\" data-settings=\"{&quot;background_background&quot;:&quot;classic&quot;}\">\n\t\t<div class=\"elementor-element elementor-element-6ce9898 e-con-full e-flex e-con e-child\" data-id=\"6ce9898\" data-element_type=\"container\" data-e-type=\"container\">\n\t\t\t\t<div class=\"elementor-element elementor-element-636f905 elementor-widget__width-initial elementor-hidden-widescreen elementor-hidden-desktop elementor-hidden-tablet elementor-hidden-mobile elementor-widget elementor-widget-heading\" data-id=\"636f905\" data-element_type=\"widget\" data-e-type=\"widget\" data-widget_type=\"heading.default\">\n\t\t\t\t<div class=\"elementor-widget-container\">\n\t\t\t\t\t<div class=\"elementor-heading-title elementor-size-default\"><span style=\"background: linear-gradient(90deg, #2C77ED 20%, #14CC95 50%)\">\n\nFEATURED \n\n<\/span>\n\u00e9ducation<span style=\"background: linear-gradient(90deg, #2C77ED 20%, #14CC95 50%)\">\n\n\n\n<\/span><\/div>\t\t\t\t<\/div>\n\t\t\t\t<\/div>\n\t\t\t\t<div class=\"elementor-element elementor-element-6b39d2d elementor-widget elementor-widget-text-editor\" data-id=\"6b39d2d\" data-element_type=\"widget\" data-e-type=\"widget\" data-widget_type=\"text-editor.default\">\n\t\t\t\t<div class=\"elementor-widget-container\">\n\t\t\t\t\t\t\t\t\t\u00e9ducation <span style=\"background: linear-gradient(90deg, #2C77ED 20%, #14CC95 50%);-webkit-background-clip: text;-webkit-text-fill-color: transparent;\">\n\n\u00c9lite\n\n<\/span>\n<span style=\"background: linear-gradient(90deg, #2C77ED 20%, #14CC95 50%);-webkit-background-clip: text;-webkit-text-fill-color: transparent;\">\n\n\n\n<\/span>\t\t\t\t\t\t\t\t<\/div>\n\t\t\t\t<\/div>\n\t\t\t\t<div class=\"elementor-element elementor-element-e753d3d elementor-widget__width-initial elementor-widget elementor-widget-heading\" data-id=\"e753d3d\" data-element_type=\"widget\" data-e-type=\"widget\" data-widget_type=\"heading.default\">\n\t\t\t\t<div class=\"elementor-widget-container\">\n\t\t\t\t\t<div class=\"elementor-heading-title elementor-size-default\">Access an online course library<\/div>\t\t\t\t<\/div>\n\t\t\t\t<\/div>\n\t\t\t\t<div class=\"elementor-element elementor-element-9958c83 elementor-widget__width-inherit elementor-widget elementor-widget-shortcode\" data-id=\"9958c83\" data-element_type=\"widget\" data-e-type=\"widget\" data-widget_type=\"shortcode.default\">\n\t\t\t\t<div class=\"elementor-widget-container\">\n\t\t\t\t\t\t\t<div class=\"elementor-shortcode\">\r\n\t\t\t<div class=\"row margin-bottom-25\">\r\n\r\n\t\t\t\t\t\t\t<\/div>\r\n\t\t<!-- Listings -->\r\n\r\n<div id=\"listeo-listings-container\" \r\ndata-counter=\"1\" \r\ndata-style=\"grid\"  \r\ndata-custom_class=\"\" \r\ndata-per_page=\"6\" \r\ndata-grid_columns=\"2\" \r\n data-region=\"\"  data-_listing_type=\"\"  data-category=\"IZI \u00c9DUCATION\"  data-feature=\"\"  data-rental-category=\"\"  data-service-category=\"\"  data-event-category=\"\" class=\"row  ajax-search\">\r\n\t<div class=\"loader-ajax-container\" style=\"\"> <div class=\"loader-ajax\"><\/div> <\/div>\r\n<!-- Listing Item -->\r\n<div class=\"col-lg-6 col-md-12\"><a href=\"https:\/\/annuaire.iziverse.com\/en\/listing\/digital-math\/\"  class=\"listing-item-container listing-geo-data\" \r\n\t\tdata-title=\"Digital Math &#8211; Educational Course\"\r\n\t\tdata-listing-type=\"service\"\r\n\t\tdata-classifieds-price=\"XOF\"\r\n\t\tdata-friendly-address=\"\"\r\n\t\tdata-address=\"\"\r\n\t\tdata-image=\"https:\/\/annuaire.iziverse.com\/wp-content\/uploads\/2024\/11\/1-520x397.jpg\"\r\n\t\tdata-longitude=\"5.309766171943691\"\r\n\t\tdata-latitude=\"-4.017308709289449\"\r\n\t\t\t\t\tdata-rating=\"0\"\r\n\t\t\tdata-reviews=\"0\"\r\n\t\t\t\tdata-icon=\"&lt;i class=&quot;fab fa-500px&quot;&gt;&lt;\/i&gt;\"\r\n\r\n\t>\r\n    <div class=\"listing-item  featured-listing\">\r\n\r\n        <div class=\"listing-small-badges-container\">\r\n                            <div class=\"listing-small-badge featured-badge\"><i class=\"fa fa-star\"><\/i> Featured<\/div>\r\n                                                            \r\n        <\/div>\r\n        <img fetchpriority=\"high\" decoding=\"async\" width=\"520\" height=\"397\" src=\"https:\/\/annuaire.iziverse.com\/wp-content\/uploads\/2024\/11\/1-520x397.jpg\" class=\"attachment-listeo-listing-grid size-listeo-listing-grid wp-post-image\" alt=\"\" \/>\r\n        \r\n        <div class=\"listing-item-content\">\r\n\r\n                            <span class=\"tag\">IZI \u00c9DUCATION<\/span>\r\n            \r\n            <h3>Digital Math &#8211; Educational Course <\/h3>\r\n            \r\n        <\/div>\r\n                        <span class=\"save like-icon tooltip left\" title=\"Login To Bookmark Items\"><\/span>\r\n                        <\/div>\r\n\r\n                            <div class=\"star-rating\">\r\n\r\n                            <div class=\"rating-counter no-reviews\"><span>No reviews yet<\/span><\/div>\r\n                        <\/div>\r\n            \r\n<\/a>\r\n\r\n    <\/div>\r\n\r\n\r\n<!-- Listing Item \/ End -->\t\t\t<\/div>\r\n\t\t\t<div class=\"pagination-container margin-top-20 margin-bottom-20 ajax-search\">\r\n\t\t\t\t\t\t\t<\/div>\r\n\t\t\t<\/div>\n\t\t\t\t\t\t<\/div>\n\t\t\t\t<\/div>\n\t\t\t\t<\/div>\n\t\t\t\t<\/div>\n\t\t\t\t<\/div>\n\t\t\t\t\t<\/div>\n\t\t\t\t<\/div>\n\t\t<div class=\"elementor-element elementor-element-d34afbc e-flex e-con-boxed e-con e-parent\" data-id=\"d34afbc\" data-element_type=\"container\" data-e-type=\"container\">\n\t\t\t\t\t<div class=\"e-con-inner\">\n\t\t<div class=\"elementor-element elementor-element-6719c83 e-con-full e-flex e-con e-child\" data-id=\"6719c83\" data-element_type=\"container\" data-e-type=\"container\">\n\t\t<div class=\"elementor-element elementor-element-c43ac6e e-con-full e-flex e-con e-child\" data-id=\"c43ac6e\" data-element_type=\"container\" data-e-type=\"container\" data-settings=\"{&quot;background_background&quot;:&quot;classic&quot;}\">\n\t\t<div class=\"elementor-element elementor-element-1d4eb37 e-con-full e-flex e-con e-child\" data-id=\"1d4eb37\" data-element_type=\"container\" data-e-type=\"container\">\n\t\t\t\t<div class=\"elementor-element elementor-element-c1a8443 elementor-widget__width-initial elementor-hidden-widescreen elementor-hidden-desktop elementor-hidden-tablet elementor-hidden-mobile elementor-widget elementor-widget-heading\" data-id=\"c1a8443\" data-element_type=\"widget\" data-e-type=\"widget\" data-widget_type=\"heading.default\">\n\t\t\t\t<div class=\"elementor-widget-container\">\n\t\t\t\t\t<div class=\"elementor-heading-title elementor-size-default\"><h2><b><span style=\"background: linear-gradient(90deg, #2C77ED 20%, #14CC95 50%)\">\n\nIZI\n\n<\/span>\nCours \u00e9ducatifs<\/div>\t\t\t\t<\/div>\n\t\t\t\t<\/div>\n\t\t\t\t<div class=\"elementor-element elementor-element-8497459 elementor-widget elementor-widget-text-editor\" data-id=\"8497459\" data-element_type=\"widget\" data-e-type=\"widget\" data-widget_type=\"text-editor.default\">\n\t\t\t\t<div class=\"elementor-widget-container\">\n\t\t\t\t\t\t\t\t\t<span style=\"background: linear-gradient(90deg, #2C77ED 20%, #14CC95 50%);-webkit-background-clip: text;-webkit-text-fill-color: transparent;\">\n\nIZI\n\n<\/span>\nVotre espace de formation\t\t\t\t\t\t\t\t<\/div>\n\t\t\t\t<\/div>\n\t\t\t\t<div class=\"elementor-element elementor-element-5b4a630 elementor-widget__width-initial elementor-hidden-widescreen elementor-hidden-desktop elementor-hidden-tablet elementor-hidden-mobile elementor-widget elementor-widget-heading\" data-id=\"5b4a630\" data-element_type=\"widget\" data-e-type=\"widget\" data-widget_type=\"heading.default\">\n\t\t\t\t<div class=\"elementor-widget-container\">\n\t\t\t\t\t<div class=\"elementor-heading-title elementor-size-default\">Business, Service &amp; Classified<\/div>\t\t\t\t<\/div>\n\t\t\t\t<\/div>\n\t\t\t\t<div class=\"elementor-element elementor-element-2eb2576 elementor-widget__width-inherit elementor-widget elementor-widget-shortcode\" data-id=\"2eb2576\" data-element_type=\"widget\" data-e-type=\"widget\" data-widget_type=\"shortcode.default\">\n\t\t\t\t<div class=\"elementor-widget-container\">\n\t\t\t\t\t\t\t<div class=\"elementor-shortcode\">\r\n\t\t\t<div class=\"row margin-bottom-25\">\r\n\r\n\t\t\t\t\t\t\t<\/div>\r\n\t\t<!-- Listings -->\r\n\r\n<div id=\"listeo-listings-container\" \r\ndata-counter=\"0\" \r\ndata-style=\"grid-compact\"  \r\ndata-custom_class=\"\" \r\ndata-per_page=\"20\" \r\ndata-grid_columns=\"2\" \r\n data-region=\"\"  data-_listing_type=\"\"  data-category=\"IZI ED TECH\"  data-feature=\"\"  data-rental-category=\"\"  data-service-category=\"\"  data-event-category=\"\" class=\"row  ajax-search\">\r\n\t<div class=\"loader-ajax-container\" style=\"\"> <div class=\"loader-ajax\"><\/div> <\/div>\r\n<div id=\"listeo-listings-container\">\r\n\t\t\t\t\t\t\t<div class=\"loader-ajax-container\" style=\"\"> <div class=\"loader-ajax\"><\/div> <\/div>\r\n<section id=\"listings-not-found\" class=\"margin-bottom-50 col-md-12\">\r\n\t<h2>Nothing found<\/h2>\r\n\t<p>We&rsquo;re sorry but we do not have any listings matching your search, try to change you search settings<\/p>\r\n<\/section>\r\n<\/div><\/div>\n\t\t\t\t\t\t<\/div>\n\t\t\t\t<\/div>\n\t\t\t\t<\/div>\n\t\t\t\t<\/div>\n\t\t\t\t<\/div>\n\t\t\t\t\t<\/div>\n\t\t\t\t<\/div>\n\t\t\t\t<\/div>","protected":false},"excerpt":{"rendered":"<p>FEATURED \u00e9ducation \u00e9ducation \u00c9lite Acc\u00e9dez \u00e0 une biblioth\u00e8que de cours en ligne IZI Cours \u00e9ducatifs IZI Votre espace de formation Business, Service &amp; Classified<\/p>","protected":false},"author":1,"featured_media":0,"parent":0,"menu_order":0,"comment_status":"closed","ping_status":"closed","template":"","meta":{"footnotes":""},"class_list":["post-2219","page","type-page","status-publish","hentry"],"_links":{"self":[{"href":"https:\/\/annuaire.iziverse.com\/en\/wp-json\/wp\/v2\/pages\/2219","targetHints":{"allow":["GET"]}}],"collection":[{"href":"https:\/\/annuaire.iziverse.com\/en\/wp-json\/wp\/v2\/pages"}],"about":[{"href":"https:\/\/annuaire.iziverse.com\/en\/wp-json\/wp\/v2\/types\/page"}],"author":[{"embeddable":true,"href":"https:\/\/annuaire.iziverse.com\/en\/wp-json\/wp\/v2\/users\/1"}],"replies":[{"embeddable":true,"href":"https:\/\/annuaire.iziverse.com\/en\/wp-json\/wp\/v2\/comments?post=2219"}],"version-history":[{"count":0,"href":"https:\/\/annuaire.iziverse.com\/en\/wp-json\/wp\/v2\/pages\/2219\/revisions"}],"wp:attachment":[{"href":"https:\/\/annuaire.iziverse.com\/en\/wp-json\/wp\/v2\/media?parent=2219"}],"curies":[{"name":"wp","href":"https:\/\/api.w.org\/{rel}","templated":true}]}}